{"id":2,"date":"2020-07-30T07:35:37","date_gmt":"2020-07-30T07:35:37","guid":{"rendered":"http:\/\/gergelyg.ro\/wordpress\/?page_id=2"},"modified":"2025-08-17T20:33:57","modified_gmt":"2025-08-17T18:33:57","slug":"ez-egy-minta-oldal","status":"publish","type":"page","link":"https:\/\/gergelyg.ro\/wordpress\/","title":{"rendered":"2025. augusztus 20."},"content":{"rendered":"\n<p class=\"has-text-align-center has-large-font-size\"><strong>Isten \u00e9ltessen, Magyarorsz\u00e1g!<\/strong><\/p>\n\n\n\n<figure class=\"wp-block-image size-full\"><img loading=\"lazy\" decoding=\"async\" width=\"1024\" height=\"680\" src=\"https:\/\/gergelyg.ro\/wordpress\/wp-content\/uploads\/2024\/08\/szent-istvan.jpg\" alt=\"\" class=\"wp-image-259\" srcset=\"https:\/\/gergelyg.ro\/wordpress\/wp-content\/uploads\/2024\/08\/szent-istvan.jpg 1024w, https:\/\/gergelyg.ro\/wordpress\/wp-content\/uploads\/2024\/08\/szent-istvan-300x199.jpg 300w, https:\/\/gergelyg.ro\/wordpress\/wp-content\/uploads\/2024\/08\/szent-istvan-768x510.jpg 768w\" sizes=\"auto, (max-width: 1024px) 100vw, 1024px\" \/><\/figure>\n\n\n\n<figure class=\"wp-block-image size-large\"><img loading=\"lazy\" decoding=\"async\" width=\"1024\" height=\"691\" src=\"https:\/\/gergelyg.ro\/wordpress\/wp-content\/uploads\/2022\/08\/nagy-magyarorszag-terkep-1024x691.jpg\" alt=\"\" class=\"wp-image-127\" srcset=\"https:\/\/gergelyg.ro\/wordpress\/wp-content\/uploads\/2022\/08\/nagy-magyarorszag-terkep-1024x691.jpg 1024w, https:\/\/gergelyg.ro\/wordpress\/wp-content\/uploads\/2022\/08\/nagy-magyarorszag-terkep-300x202.jpg 300w, https:\/\/gergelyg.ro\/wordpress\/wp-content\/uploads\/2022\/08\/nagy-magyarorszag-terkep-768x518.jpg 768w, https:\/\/gergelyg.ro\/wordpress\/wp-content\/uploads\/2022\/08\/nagy-magyarorszag-terkep.jpg 1063w\" sizes=\"auto, (max-width: 1024px) 100vw, 1024px\" \/><figcaption class=\"wp-element-caption\">Magyarorsz\u00e1g t\u00e9rk\u00e9pe<\/figcaption><\/figure>\n\n\n<a href=\"https:\/\/gergelyg.ro\/wordpress\/wp-content\/uploads\/2024\/08\/Szent-Istvan-Nagy-Legendaja.pdf\" class=\"pdfemb-viewer\" style=\"\" data-width=\"max\" data-height=\"max\" data-toolbar=\"top\" data-toolbar-fixed=\"off\">Szent-Istvan-Nagy-Legendaja<\/a>\n\n\n<figure class=\"wp-block-image size-large\"><img loading=\"lazy\" decoding=\"async\" width=\"1024\" height=\"576\" src=\"https:\/\/gergelyg.ro\/wordpress\/wp-content\/uploads\/2024\/08\/tuzijatek-budapest-augusztus20-lanchid-orszaghaz-csodalatosmagyarorszag-1024x576.jpeg\" alt=\"\" class=\"wp-image-258\" srcset=\"https:\/\/gergelyg.ro\/wordpress\/wp-content\/uploads\/2024\/08\/tuzijatek-budapest-augusztus20-lanchid-orszaghaz-csodalatosmagyarorszag-1024x576.jpeg 1024w, https:\/\/gergelyg.ro\/wordpress\/wp-content\/uploads\/2024\/08\/tuzijatek-budapest-augusztus20-lanchid-orszaghaz-csodalatosmagyarorszag-300x169.jpeg 300w, https:\/\/gergelyg.ro\/wordpress\/wp-content\/uploads\/2024\/08\/tuzijatek-budapest-augusztus20-lanchid-orszaghaz-csodalatosmagyarorszag-768x432.jpeg 768w, https:\/\/gergelyg.ro\/wordpress\/wp-content\/uploads\/2024\/08\/tuzijatek-budapest-augusztus20-lanchid-orszaghaz-csodalatosmagyarorszag.jpeg 1500w\" sizes=\"auto, (max-width: 1024px) 100vw, 1024px\" \/><\/figure>\n\n\n\n<p><\/p>\n\n\n\n<p><\/p>\n\n\n\n<p class=\"has-text-align-center has-large-font-size\"><strong>\u00d6t \u00e9rdekes t\u00e9ny Szent Istv\u00e1nr\u00f3l&nbsp;<\/strong><\/p>\n\n\n\n<p class=\"has-medium-font-size\">1. Sosem szenvedett veres\u00e9get&nbsp;<\/p>\n\n\n\n<p class=\"has-medium-font-size\">A magyar t\u00f6rt\u00e9nelemben megannyi sikeres hadvez\u00e9r bukkant fel. Ha fel akarunk sorolni k\u00f6z\u00fcl\u00fck n\u00e9h\u00e1nyat, akkor Hunyadi J\u00e1nos vagy G\u00f6rgei Art\u00far nev\u00e9t szinte biztosan ott tal\u00e1ln\u00e1nk k\u00f6z\u00f6tt\u00fck. Szent Istv\u00e1n nev\u00e9t alighanem ritk\u00e1n eml\u00edten\u00e9nk a kiemelked\u0151 gy\u0151ztesek k\u00f6z\u00f6tt, pedig \u00e9rdemes megtenn\u00fcnk: sem vesztes csat\u00e1t, sem komolyabb katonai kudarcot nem ismer\u00fcnk t\u0151le. Pedig Szent Istv\u00e1n h\u00e1bor\u00fait hosszan sorolhatjuk. Bels\u0151 ellenfelei k\u00f6z\u00f6tt tal\u00e1ljuk Kopp\u00e1nyt, Ajtonyt, az erd\u00e9lyi Gyul\u00e1kat, esetleg a bolg\u00e1r Ke\u00e1nt. K\u00fcls\u0151 ellens\u00e9gei k\u00f6z\u00f6tt a bolg\u00e1rokat \u00e9s a sz\u00f6vets\u00e9gesb\u0151l ellens\u00e9gg\u00e9 v\u00e1l\u00f3 n\u00e9met-r\u00f3mai cs\u00e1sz\u00e1rs\u00e1got, de a lengyeleket is. Ut\u00f3bbiakr\u00f3l v\u00e9li \u00fagy a lengyel, a szlov\u00e1k \u00e9s a cseh t\u00f6rt\u00e9net\u00edr\u00e1s, hogy az Ipolyig megh\u00f3d\u00edtotta Magyarorsz\u00e1got, a trianoni hat\u00e1rokkal furcs\u00e1n egybeesve, de mindezt egy meglehet\u0151sen k\u00e9sei forr\u00e1sra \u00e9p\u00edtve. A val\u00f3s\u00e1g az, hogy Vit\u00e9z Boleszl\u00f3 lengyel fejedelem egy bet\u00f6r\u00e9st k\u00f6vet\u0151en sietve t\u00e1vozott a magyar ter\u00fcletekr\u0151l, \u00edgy nehezen lehetne ezt a r\u00f6vid aff\u00e9r Szent Istv\u00e1n katonai kudarc\u00e1nak tekinteni. Vagyis Istv\u00e1n, csaknem egyed\u00fcl\u00e1ll\u00f3an a magyar t\u00f6rt\u00e9nelem uralkod\u00f3i \u00e9s hadvez\u00e9rei k\u00f6z\u00fcl, 100 sz\u00e1zal\u00e9kos hadi p\u00e1lyafut\u00e1st tekinthet mag\u00e1\u00e9nak, h\u00e1bor\u00fait mind gy\u0151ztesen z\u00e1rta. V\u00e9lhet\u0151en az\u00e9rt nem tartjuk sz\u00e1mon \u0151t a sikeres hadvez\u00e9rek k\u00f6z\u00f6tt, mert a forr\u00e1sokb\u00f3l az t\u0171nik ki, hogy nem saj\u00e1t maga vez\u00e9nyelte a csapatait, ezt mindig hozz\u00e1\u00e9rt\u0151kre b\u00edzta, akik rendre meghozt\u00e1k sz\u00e1m\u00e1ra a h\u00e1bor\u00fas sikereket.&nbsp;<\/p>\n\n\n\n<figure class=\"wp-block-image size-full\"><img loading=\"lazy\" decoding=\"async\" width=\"936\" height=\"648\" src=\"https:\/\/gergelyg.ro\/wordpress\/wp-content\/uploads\/2025\/08\/image-2.jpeg\" alt=\"\" class=\"wp-image-298\" srcset=\"https:\/\/gergelyg.ro\/wordpress\/wp-content\/uploads\/2025\/08\/image-2.jpeg 936w, https:\/\/gergelyg.ro\/wordpress\/wp-content\/uploads\/2025\/08\/image-2-300x208.jpeg 300w, https:\/\/gergelyg.ro\/wordpress\/wp-content\/uploads\/2025\/08\/image-2-768x532.jpeg 768w\" sizes=\"auto, (max-width: 936px) 100vw, 936px\" \/><\/figure>\n\n\n\n<p class=\"has-small-font-size\">Szent Istv\u00e1n elfogja az erd\u00e9lyi Gyul\u00e1t. (K\u00e9p forr\u00e1sa: Wikip\u00e9dia)&nbsp;<\/p>\n\n\n\n<p class=\"has-medium-font-size\">2. T\u00f6bb fi\u00fagyermeke sz\u00fcletett&nbsp;<\/p>\n\n\n\n<p>A tragikus sors\u00fa Szent Imre hercegr\u0151l alighanem mindannyian hallottunk. Szent Istv\u00e1nnak szem\u00e9lyes trag\u00e9di\u00e1ja, hogy \u00e1llamszervez\u0151i munk\u00e1ss\u00e1g\u00e1t nem a saj\u00e1t lesz\u00e1rmazottjai vitt\u00e9k tov\u00e1bb, mivel Imre herceg 1031-ben vad\u00e1szat k\u00f6zben elhunyt. A forr\u00e1sokb\u00f3l tudjuk, hogy nemcsak ez az egy gyermeke lehetett Szent Istv\u00e1nnak \u00e9s feles\u00e9g\u00e9nek, Gizell\u00e1nak. K\u00e9sei h\u00edrad\u00e1sok azonban meg\u0151rizt\u00e9k a kir\u00e1lyi p\u00e1r egy m\u00e1sik gyermek\u00e9nek, Ott\u00f3nak a nev\u00e9t is. V\u00e9lhet\u0151en III. Ott\u00f3 n\u00e9met-r\u00f3mai cs\u00e1sz\u00e1rr\u00f3l nyerte el a nev\u00e9t, aki t\u00e1mogatta Szent Istv\u00e1n megkoron\u00e1z\u00e1s\u00e1t. Az sem kiz\u00e1rt, hogy Ott\u00f3 el\u0151bb sz\u00fcletett, mint testv\u00e9re, Imre herceg, \u00e1m a cselekv\u0151k\u00e9pes kort biztosan nem \u00e9rte meg. V\u00e9lhet\u0151en csecsem\u0151kor\u00e1ban meghalt, \u00e9s csak elsz\u00f3rt h\u00edrad\u00e1sok maradtak fent r\u00f3la k\u00e9s\u0151bbi sz\u00f6vegekben.&nbsp;<\/p>\n\n\n\n<p class=\"has-medium-font-size\">3. Ellenfeleivel szemben kegyelmet gyakorolt&nbsp;<\/p>\n\n\n\n<p>Augusztus 20-a kapcs\u00e1n gyakran felmer\u00fcl, \u00e9s a h\u00edress\u00e9 v\u00e1lt rockopera, az Istv\u00e1n a kir\u00e1ly is \u00fagy mutatja be, hogy Szent Istv\u00e1n v\u00e9rben g\u00e1zolt, amikor messzel\u00e1t\u00f3 politikai \u00e9rdekeit \u00e9rv\u00e9nyes\u00edtette. Erre a felt\u00e9telez\u00e9sre okot ad sz\u00e1mos bels\u0151 h\u00e1bor\u00faja, \u00e9s az a t\u00e9ny, hogy csak nagyon kev\u00e9s eml\u00e9k\u00fcnk maradt fent a kereszt\u00e9nys\u00e9g el\u0151tti magyars\u00e1g kult\u00far\u00e1j\u00e1b\u00f3l. \u00c1m ha t\u00fczetesebben megvizsg\u00e1ljuk, hogy Szent Istv\u00e1n mik\u00e9nt cselekedett, akkor kor\u00e1ntsem egy \u00e9rdekb\u0151l \u00e9leteket kiolt\u00f3 t\u00f6meggyilkossal tal\u00e1lkozunk. Kopp\u00e1ny, aki v\u00e9lhet\u0151en dinasztikus riv\u00e1lisa lehetett, nem maradhatott \u00e9letben. Ajtony lesz\u00e1rmazottjai viszont f\u00f6ldbirtokosok maradtak m\u00e9g Szent Istv\u00e1n uralm\u00e1t k\u00f6vet\u0151en is. A legfelt\u0171n\u0151bb enged\u00e9kenys\u00e9get azonban az erd\u00e9lyi rokon\u00e1val szemben gyakorolta. Miut\u00e1n megh\u00f3d\u00edtotta a Gyul\u00e1k ter\u00fclet\u00e9t, megkegyelmezett nagyb\u00e1tyj\u00e1nak. \u0150 azonban \u00fajra el\u00e1rulta, \u00e9s egy hat\u00e1rmenti v\u00e1r\u00e1t \u00e1tj\u00e1tszotta Szent Istv\u00e1n ellens\u00e9g\u00e9nek. Az err\u0151l Szent Istv\u00e1n kort\u00e1rsak\u00e9nt h\u00edrt ad\u00f3 Merseburgi Thietmar azonban csod\u00e1lkozva tud\u00f3s\u00edtotta az ut\u00f3kort arr\u00f3l, hogy amikor Istv\u00e1n visszaszerezte a v\u00e1rat \u00e9s foglyul ejtette nagyb\u00e1tyja feles\u00e9g\u00e9t, nem k\u00e9rt v\u00e1lts\u00e1gd\u00edjat, hanem visszak\u00fcldte \u0151t hozz\u00e1. Thietmar meg is jegyezte, hogy a kort\u00e1rsak k\u00f6z\u00f6tt ilyen p\u00e9ld\u00e1r\u00f3l m\u00e9g nem hallott.&nbsp;<\/p>\n\n\n\n<p class=\"has-medium-font-size\">4. Nemcsak a Szent Jobb maradt meg Szent Istv\u00e1n erekly\u00e9i k\u00f6z\u00fcl&nbsp;<\/p>\n\n\n\n<p>Mindannyian hallottunk Szent Istv\u00e1n kir\u00e1ly jobbkez\u00e9r\u0151l, a Szent Jobbr\u00f3l, amelyet manaps\u00e1g m\u00e1r a hagyom\u00e1nyoknak megfelel\u0151en k\u00f6rmenetben mutatnak be augusztus 20-\u00e1n. Szent Istv\u00e1n kir\u00e1lynak azonban nem ez az egyetlen ismert erekly\u00e9je. V\u00e9lhet\u0151en az erekly\u00e9k lev\u00e1laszt\u00e1sa m\u00e1r az 1083. \u00e9vi szentt\u00e9 avat\u00e1skor elkezd\u0151d\u00f6tt.&nbsp;<\/p>\n\n\n\n<figure class=\"wp-block-image size-full\"><img loading=\"lazy\" decoding=\"async\" width=\"736\" height=\"600\" src=\"https:\/\/gergelyg.ro\/wordpress\/wp-content\/uploads\/2025\/08\/image.jpeg\" alt=\"\" class=\"wp-image-296\" srcset=\"https:\/\/gergelyg.ro\/wordpress\/wp-content\/uploads\/2025\/08\/image.jpeg 736w, https:\/\/gergelyg.ro\/wordpress\/wp-content\/uploads\/2025\/08\/image-300x245.jpeg 300w\" sizes=\"auto, (max-width: 736px) 100vw, 736px\" \/><\/figure>\n\n\n\n<p>Eredetileg a Szent Jobb sem csak a csukl\u00f3b\u00f3l \u00e1llt, hanem az eg\u00e9sz alkarb\u00f3l, de id\u0151vel a magyar uralkod\u00f3k sz\u00f6vets\u00e9gk\u00f6t\u00e9si gesztusk\u00e9nt sz\u00e1mos helyre elk\u00fcldt\u00e9k. A felkart m\u00e9g Nagy Lajos k\u00fcldte el Lengyelorsz\u00e1gba, m\u00edg az als\u00f3 r\u00e9sz\u00e9t Zsigmond kir\u00e1ly aj\u00e1nd\u00e9kozta vej\u00e9nek, Albertnek. A Szent Jobb a t\u00f6r\u00f6k el\u0151l Raguz\u00e1ba, (a mai Dubrovnikba) ker\u00fcl. Szint\u00e9n itt \u0151rizt\u00e9k Szent Istv\u00e1n kopony\u00e1j\u00e1t, als\u00f3 \u00e1llkapcs\u00e1t \u00e9s l\u00e1bsz\u00e1rcsontj\u00e1t. A koponyacsontb\u00f3l id\u0151vel lev\u00e1lasztottak darabokat, ezeket ma egyr\u00e9szt a pannonhalmi benc\u00e9s ap\u00e1ts\u00e1gban \u0151rzik, m\u00e1sr\u00e9szt M\u00e1ria Ter\u00e9zia az \u00e1ltala alap\u00edtott sz\u00e9kesfeh\u00e9rv\u00e1ri p\u00fcsp\u00f6ks\u00e9gnek adom\u00e1nyozott egy darabot. De Sz\u00e9kesfeh\u00e9rv\u00e1r \u0151riz egy ujjcsont-darabot Szent Imre herceg erekly\u00e9j\u00e9b\u0151l is, amelyet 1930-ban kapott Aachenb\u0151l hal\u00e1l\u00e1nak 900. \u00e9vfordul\u00f3j\u00e1nak tisztelet\u00e9re.&nbsp;<\/p>\n\n\n\n<p class=\"has-medium-font-size\">5. Fiatalkori \u00e1br\u00e1zol\u00e1s?&nbsp;<\/p>\n\n\n\n<p>Szent Istv\u00e1nr\u00f3l a benn\u00fcnk \u00e9l\u0151 k\u00e9p \u00e1ltal\u00e1ban egy szak\u00e1llas \u00f6regembert takar a K\u00e9pes Kr\u00f3nika lapjair\u00f3l. Esetleg a koron\u00e1z\u00e1si pal\u00e1st \u00e1br\u00e1zol\u00e1sa, amelyen egy nagyszem\u0171, lefogyott, id\u0151s f\u00e9rfit l\u00e1thatunk. \u00c1m van egy szobor, amelyet egyesek Szent Istv\u00e1nhoz k\u00f6tnek. A bambergi d\u00f3mban ugyanis van egy lovasszobor, amely egy fiatal, ereje telj\u00e9ben l\u00e9v\u0151 f\u00e9rfit \u00e1br\u00e1zol. <\/p>\n\n\n<div class=\"wp-block-image is-style-default\">\n<figure class=\"aligncenter size-full is-resized\"><img loading=\"lazy\" decoding=\"async\" width=\"180\" height=\"300\" src=\"https:\/\/gergelyg.ro\/wordpress\/wp-content\/uploads\/2025\/08\/image-1.jpeg\" alt=\"\" class=\"wp-image-297\" style=\"width:284px;height:auto\"\/><\/figure>\n<\/div>\n\n\n<p>Egyesek szerint ez a valaki Szent Istv\u00e1n lehet. Ha ez igaz, akkor ez a k\u00e9p az egyetlen fiatalkori \u00e1br\u00e1zol\u00e1sa az els\u0151 magyar kir\u00e1lynak. (forr\u00e1s: hellomagyar.hu)<\/p>\n\n\n\n<p><\/p>\n\n\n\n<p class=\"has-text-align-center has-large-font-size\">Inform\u00e1ci\u00f3 \u00e9s sz\u00f3rakoz\u00e1s innen<\/p>\n\n\n\n<iframe loading=\"lazy\" frameborder=\"0\" scrolling=\"no\" align=\"middle\" height=\"152px\" width=\"316px\" src=\"https:\/\/onlinestream.live\/embed.cgi?id=1701&amp;ch=1&amp;volume=75&amp;autoplay=0&amp;channelselect=0&amp;stationselect=0\"><\/iframe>\n\n\n\n<iframe loading=\"lazy\" frameborder=\"0\" scrolling=\"no\" align=\"middle\" height=\"152px\" width=\"316px\" src=\"https:\/\/onlinestream.live\/embed.cgi?id=1703&amp;ch=6&amp;volume=75&amp;autoplay=1&amp;channelselect=0&amp;stationselect=0\"><\/iframe>\n","protected":false},"excerpt":{"rendered":"<p>Isten \u00e9ltessen, Magyarorsz\u00e1g! \u00d6t \u00e9rdekes t\u00e9ny Szent Istv\u00e1nr\u00f3l&nbsp; 1. Sosem szenvedett veres\u00e9get&nbsp; A magyar t\u00f6rt\u00e9nelemben megannyi sikeres hadvez\u00e9r bukkant fel. Ha fel akarunk sorolni k\u00f6z\u00fcl\u00fck n\u00e9h\u00e1nyat, akkor Hunyadi J\u00e1nos vagy G\u00f6rgei Art\u00far nev\u00e9t szinte biztosan ott tal\u00e1ln\u00e1nk k\u00f6z\u00f6tt\u00fck. Szent Istv\u00e1n &hellip; <a href=\"https:\/\/gergelyg.ro\/wordpress\/\">Egy kattint\u00e1s ide a folytat\u00e1shoz&#8230;. <span class=\"meta-nav\">&rarr;<\/span><\/a><\/p>\n","protected":false},"author":1,"featured_media":0,"parent":0,"menu_order":0,"comment_status":"closed","ping_status":"open","template":"","meta":{"footnotes":""},"class_list":["post-2","page","type-page","status-publish","hentry"],"_links":{"self":[{"href":"https:\/\/gergelyg.ro\/wordpress\/wp-json\/wp\/v2\/pages\/2","targetHints":{"allow":["GET"]}}],"collection":[{"href":"https:\/\/gergelyg.ro\/wordpress\/wp-json\/wp\/v2\/pages"}],"about":[{"href":"https:\/\/gergelyg.ro\/wordpress\/wp-json\/wp\/v2\/types\/page"}],"author":[{"embeddable":true,"href":"https:\/\/gergelyg.ro\/wordpress\/wp-json\/wp\/v2\/users\/1"}],"replies":[{"embeddable":true,"href":"https:\/\/gergelyg.ro\/wordpress\/wp-json\/wp\/v2\/comments?post=2"}],"version-history":[{"count":22,"href":"https:\/\/gergelyg.ro\/wordpress\/wp-json\/wp\/v2\/pages\/2\/revisions"}],"predecessor-version":[{"id":306,"href":"https:\/\/gergelyg.ro\/wordpress\/wp-json\/wp\/v2\/pages\/2\/revisions\/306"}],"wp:attachment":[{"href":"https:\/\/gergelyg.ro\/wordpress\/wp-json\/wp\/v2\/media?parent=2"}],"curies":[{"name":"wp","href":"https:\/\/api.w.org\/{rel}","templated":true}]}}